{"id":28,"date":"2017-09-22T10:34:00","date_gmt":"2017-09-22T10:34:00","guid":{"rendered":"http:\/\/steuerberatung-rommerskirchen.de\/?page_id=28"},"modified":"2023-10-25T13:48:54","modified_gmt":"2023-10-25T13:48:54","slug":"downloads","status":"publish","type":"page","link":"https:\/\/steuerberatung-rommerskirchen.de\/?page_id=28","title":{"rendered":"Downloads"},"content":{"rendered":"<p><strong>Lohnbereich<\/strong><\/p>\n<p>Die diversen Personalfrageb\u00f6gen k\u00f6nnen Sie <a href=\"http:\/\/www.datev.de\/info-db\/1035006\">hier<\/a> direkt auf der DATEV-Seite herunterladen.<\/p>\n<p><strong>Einkommensteuer<\/strong><\/p>\n<ul>\n<li><a href=\"http:\/\/steuerberatung-rommerskirchen.de\/wp-content\/uploads\/2017\/09\/Checkliste-Unterlagen-ESt.pdf\">Checkliste ben\u00f6tigte Unterlagen Einkommensteuer<\/a><\/li>\n<\/ul>\n<p><strong>Buchf\u00fchrung<\/strong><\/p>\n<ul>\n<li><a href=\"http:\/\/steuerberatung-rommerskirchen.de\/wp-content\/uploads\/2019\/02\/11174_Kontenrahmen-DATEV-SKR-03.pdf\">DATEV-Kontenrahmen SKR 03<\/a><\/li>\n<li><a href=\"http:\/\/steuerberatung-rommerskirchen.de\/wp-content\/uploads\/2019\/02\/11175_Kontenrahmen-DATEV-SKR-04.pdf\">DATEV-Kontenrahmen SKR 04<\/a><\/li>\n<li><a href=\"http:\/\/steuerberatung-rommerskirchen.de\/wp-content\/uploads\/2019\/02\/10132_Kontenrahmen-SKR-51-Kfz-Branche.pdf\">DATEV-Kontenrahmen SKR 51 Kfz-Branche<\/a><\/li>\n<\/ul>\n\n\n<p><\/p>\n","protected":false},"excerpt":{"rendered":"<p>Lohnbereich Die diversen Personalfrageb\u00f6gen k\u00f6nnen Sie hier direkt auf der DATEV-Seite herunterladen. Einkommensteuer Checkliste ben\u00f6tigte Unterlagen Einkommensteuer Buchf\u00fchrung DATEV-Kontenrahmen SKR 03 DATEV-Kontenrahmen SKR 04 DATEV-Kontenrahmen SKR 51 Kfz-Branche<\/p>\n","protected":false},"author":1,"featured_media":0,"parent":0,"menu_order":0,"comment_status":"closed","ping_status":"closed","template":"","meta":{"footnotes":""},"_links":{"self":[{"href":"https:\/\/steuerberatung-rommerskirchen.de\/index.php?rest_route=\/wp\/v2\/pages\/28"}],"collection":[{"href":"https:\/\/steuerberatung-rommerskirchen.de\/index.php?rest_route=\/wp\/v2\/pages"}],"about":[{"href":"https:\/\/steuerberatung-rommerskirchen.de\/index.php?rest_route=\/wp\/v2\/types\/page"}],"author":[{"embeddable":true,"href":"https:\/\/steuerberatung-rommerskirchen.de\/index.php?rest_route=\/wp\/v2\/users\/1"}],"replies":[{"embeddable":true,"href":"https:\/\/steuerberatung-rommerskirchen.de\/index.php?rest_route=%2Fwp%2Fv2%2Fcomments&post=28"}],"version-history":[{"count":19,"href":"https:\/\/steuerberatung-rommerskirchen.de\/index.php?rest_route=\/wp\/v2\/pages\/28\/revisions"}],"predecessor-version":[{"id":531,"href":"https:\/\/steuerberatung-rommerskirchen.de\/index.php?rest_route=\/wp\/v2\/pages\/28\/revisions\/531"}],"wp:attachment":[{"href":"https:\/\/steuerberatung-rommerskirchen.de\/index.php?rest_route=%2Fwp%2Fv2%2Fmedia&parent=28"}],"curies":[{"name":"wp","href":"https:\/\/api.w.org\/{rel}","templated":true}]}}