{"id":96,"date":"2017-09-22T12:13:08","date_gmt":"2017-09-22T12:13:08","guid":{"rendered":"http:\/\/steuerberatung-rommerskirchen.de\/?page_id=96"},"modified":"2018-10-11T13:17:21","modified_gmt":"2018-10-11T13:17:21","slug":"impressum","status":"publish","type":"page","link":"https:\/\/steuerberatung-rommerskirchen.de\/?page_id=96","title":{"rendered":"Impressum"},"content":{"rendered":"<p>Inhaltlich Verantwortlicher gem\u00e4\u00df \u00a75 TMG, \u00a755 RStV:<\/p>\n<p><strong>Diplom-Finanzwirt Werner Schwarz<br \/>\nSteuerberater<\/strong><\/p>\n<p>Gillbachstr. 2<br \/>\n41569 Rommerskirchen<br \/>\nTelefon: 02183\/1281<br \/>\nFax: 02183\/450964<br \/>\n<img decoding=\"async\" loading=\"lazy\" src=\"http:\/\/steuerberatung-rommerskirchen.de\/wp-content\/uploads\/2018\/10\/email-steuerberatung-rommerskirchen.png\" alt=\"\" width=\"380\" height=\"10\" \/><\/p>\n<p>Zust\u00e4ndige Aufsichtsbeh\u00f6rde:<br \/>\nSteuerberaterkammer D\u00fcsseldorf, Postfach 10 48 55, 40039 D\u00fcsseldorf<\/p>\n<p>Zust\u00e4ndige Kammer:<br \/>\nSteuerberaterkammer D\u00fcsseldorf, Postfach 10 48 55, 40039 D\u00fcsseldorf<\/p>\n<p>Berufsbezeichnung: Steuerberater (verliehen in der Bundesrepublik Deutschland)<\/p>\n<p>Berufsrechtliche Regelungen:<br \/>\nSteuerberatungsgesetz (StBerG)<br \/>\nDurchf\u00fchrungsverordnung zum Steuerberatungsgesetz (DVStB)<br \/>\nBerufsordnung f\u00fcr Steuerberater (BOStB)<br \/>\nSteuerberatergeb\u00fchrenverordnung (StBGebV)<\/p>\n<p>Die Regelungen k\u00f6nnen bei der Bundessteuerberaterkammer<br \/>\nunter www.bstbk.de eingesehen werden.<\/p>\n","protected":false},"excerpt":{"rendered":"<p>Inhaltlich Verantwortlicher gem\u00e4\u00df \u00a75 TMG, \u00a755 RStV: Diplom-Finanzwirt Werner Schwarz Steuerberater Gillbachstr. 2 41569 Rommerskirchen Telefon: 02183\/1281 Fax: 02183\/450964 Zust\u00e4ndige Aufsichtsbeh\u00f6rde: Steuerberaterkammer D\u00fcsseldorf, Postfach 10 48 55, 40039 D\u00fcsseldorf Zust\u00e4ndige Kammer: Steuerberaterkammer D\u00fcsseldorf, Postfach 10 48 55, 40039 D\u00fcsseldorf Berufsbezeichnung: Steuerberater (verliehen in der Bundesrepublik Deutschland) Berufsrechtliche Regelungen: Steuerberatungsgesetz (StBerG) Durchf\u00fchrungsverordnung zum Steuerberatungsgesetz (DVStB) Berufsordnung &hellip; <\/p>\n<p class=\"link-more\"><a href=\"https:\/\/steuerberatung-rommerskirchen.de\/?page_id=96\" class=\"more-link\"><span class=\"screen-reader-text\">\u201eImpressum\u201c<\/span> weiterlesen<\/a><\/p>\n","protected":false},"author":1,"featured_media":0,"parent":0,"menu_order":0,"comment_status":"closed","ping_status":"closed","template":"","meta":{"footnotes":""},"_links":{"self":[{"href":"https:\/\/steuerberatung-rommerskirchen.de\/index.php?rest_route=\/wp\/v2\/pages\/96"}],"collection":[{"href":"https:\/\/steuerberatung-rommerskirchen.de\/index.php?rest_route=\/wp\/v2\/pages"}],"about":[{"href":"https:\/\/steuerberatung-rommerskirchen.de\/index.php?rest_route=\/wp\/v2\/types\/page"}],"author":[{"embeddable":true,"href":"https:\/\/steuerberatung-rommerskirchen.de\/index.php?rest_route=\/wp\/v2\/users\/1"}],"replies":[{"embeddable":true,"href":"https:\/\/steuerberatung-rommerskirchen.de\/index.php?rest_route=%2Fwp%2Fv2%2Fcomments&post=96"}],"version-history":[{"count":5,"href":"https:\/\/steuerberatung-rommerskirchen.de\/index.php?rest_route=\/wp\/v2\/pages\/96\/revisions"}],"predecessor-version":[{"id":285,"href":"https:\/\/steuerberatung-rommerskirchen.de\/index.php?rest_route=\/wp\/v2\/pages\/96\/revisions\/285"}],"wp:attachment":[{"href":"https:\/\/steuerberatung-rommerskirchen.de\/index.php?rest_route=%2Fwp%2Fv2%2Fmedia&parent=96"}],"curies":[{"name":"wp","href":"https:\/\/api.w.org\/{rel}","templated":true}]}}